{"id":3,"date":"2022-04-26T16:03:02","date_gmt":"2022-04-26T16:03:02","guid":{"rendered":"https:\/\/shopfhb.com\/?page_id=3"},"modified":"2022-07-21T10:24:35","modified_gmt":"2022-07-21T15:24:35","slug":"politica-privacidad","status":"publish","type":"page","link":"https:\/\/shopfhb.com\/index.php\/politica-privacidad\/","title":{"rendered":"Pol\u00edtica de privacidad"},"content":{"rendered":"<p>[vc_row][vc_column][vc_column_text]<\/p>\n<p>La Pol\u00edtica de Privacidad de FHB CHIRIQU\u00cd aplica al uso de este Sitio, y sus t\u00e9rminos son parte de este T\u00e9rmino de Uso. Adem\u00e1s, al utilizar este Sitio, usted reconoce y acuerda que las transmisiones por Internet nunca son completamente privadas y seguras. Usted entiende que cualquier mensaje o informaci\u00f3n usted env\u00eda al Sitio puede ser le\u00edda e interceptada por otros, aun si hay una nota especial que una transmisi\u00f3n en particular (por ejemplo, informaci\u00f3n de tarjeta de cr\u00e9dito) es codificada. La Empresa podr\u00e1 registrar y utilizar los Datos Personales, conforme la ley 81 de 26 de marzo de 2019, para lograr una buena gesti\u00f3n y administraci\u00f3n de los Sitios Web, para poder prestar, ampliar y mejorar los servicios que se ofrecen a trav\u00e9s de los Sitios Web, para adecuar dichos servicios a las preferencias y gustos de los usuarios, y para actualizar la informaci\u00f3n sobre servicios, productos y contenidos ofrecidos por la Empresa o a trav\u00e9s de los Sitios Web. La Empresa puede utilizar los Datos Personales para enviar ofertas, encuestas a los Usuarios, las que los Usuarios no est\u00e1n, sin embargo, obligados a responder o para ampliar el servicio suministrado.<\/p>\n<p>La Empresa resguarda la seguridad de los Datos Personales y adopta los medios y t\u00e9cnicas que est\u00e1n a su alcance para evitar la p\u00e9rdida, mal uso, alteraci\u00f3n, acceso no autorizado y\/o apropiaci\u00f3n de los Datos Personales. Respecto de algunos Datos Personales espec\u00edficos, como, por ejemplo, el n\u00famero de tarjeta de cr\u00e9dito, los Datos Personales pueden ser codificados para mayor protecci\u00f3n. No obstante, lo anterior, el Usuario debe ser consciente de que las medidas de seguridad en Internet no son inexpugnables. Por ello, el Usuario es el principal responsable de adoptar las medidas de seguridad necesarias para proteger su n\u00famero de tarjeta de cr\u00e9dito y dem\u00e1s informaci\u00f3n personal que estime relevante. La Empresa puede ceder y\/o comunicar, bajo obligaci\u00f3n de confidencialidad, los Datos Personales a otras personas seleccionadas: a) si el Usuario consiente en que se cedan sus Datos Personales a terceros; o b) si es imprescindible para que el Usuario reciba el servicio o producto que haya solicitado (por ejemplo, los Datos Personales se ceden y\/o comunican a los proveedores de los servicios ofrecidos por y que han sido solicitados por el Usuario); o c) si las personas a las que se ceden los Datos Personales ofrecen servicios complementarios o relacionados con los servicios o contenidos de los Sitios Web y se considera que el Usuario puede tener inter\u00e9s en recibir informaci\u00f3n respecto de los servicios que ofrezcan dichas personas. Lo anterior, se entiende sin perjuicio de los casos en que la ley autoriza a revelar, comunicar o transmitir los Datos Personales sin restricci\u00f3n.<\/p>\n<p>Aparte de los Datos Personales, la Empresa puede reunir datos an\u00f3nimos necesarios para que la Empresa o terceras personas (entre otras, quienes hacen publicidad a trav\u00e9s de los Sitios Web), puedan realizar una gesti\u00f3n m\u00e1s eficiente de sus servicios. Por ejemplo, la Empresa puede informar a sus avisadores cu\u00e1ntas personas diarias visitan el Sitio Web en que se exhibe un aviso publicitario espec\u00edfico. FHB CHIRIQU\u00cd puede utilizar los servicios de empresas especializada en estad\u00edsticas para recolectar informaci\u00f3n y utilizar estas como herramienta para la optimizaci\u00f3n de nuestro servicio y para la implementaci\u00f3n de estrategias de mercadeo.<\/p>\n<p>La Empresa puede utilizar cookies. Las cookies son archivos que se transfieren desde un Sitio Web al disco duro del computador del Usuario, con el fin de que cuando el Usuario ingrese de nuevo al Sitio Web, este \u00faltimo lo reconozca.<\/p>\n<p>&nbsp;<\/p>\n<p><strong>Obligaciones del Usuario<\/strong><\/p>\n<p>Adem\u00e1s de las obligaciones contenidas en estas Condiciones Generales de Uso, el Usuario se obliga a lo siguiente:<\/p>\n<ul>\n<li>Usar diligentemente el nombre de Usuario y las contrase\u00f1as personales asignadas al Usuario, en caso de haberlas. El nombre de Usuario y la contrase\u00f1a que se asignen a cada Usuario con el fin de acceder a los Sitios Web, o a los Servicios y Materiales, son de car\u00e1cter confidencial y personal. El uso de este nombre y contrase\u00f1a est\u00e1 restringido exclusivamente al Usuario a quien este nombre o contrase\u00f1a son asignados o creados por el usuario. El Usuario es responsable de todos los da\u00f1os y perjuicios, de cualquier naturaleza, que se ocasionen como consecuencia de la utilizaci\u00f3n de su nombre de Usuario o contrase\u00f1a, por parte de un tercero, y que se deriven de la p\u00e9rdida de estos o de la negligencia del Usuario.<\/li>\n<li>Seguir las instrucciones impartidas sobre los Sitios Web. Para propender el correcto funcionamiento de los Sitios Web y el adecuado acceso y uso de los Servicios y Materiales ofrecidos en ellos, la Empresa, en su caso, podr\u00e1 en cualquier tiempo dirigir instrucciones a los Usuarios. Las instrucciones podr\u00e1n ser dirigidas v\u00eda correo electr\u00f3nico o bien podr\u00e1n estar estipuladas directamente en las p\u00e1ginas respectivas. El Usuario se compromete a mantenerse informado respecto de estas instrucciones y a cumplirlas diligentemente.<\/li>\n<li>Usar los Sitios Web y los Servicios y Materiales, en forma correcta y l\u00edcita. El Usuario deber\u00e1 usar los Servicios y los Materiales ofrecidos en conformidad a la ley, a las Condiciones Generales y Particulares de Uso y respetando la moral, las buenas costumbres y el orden p\u00fablico. El Usuario se abstendr\u00e1 de usar los Sitios Web, los Servicios y los Materiales en cualquier forma que pueda lesionar los derechos e intereses de la Empresa, de otros Usuarios o de terceros, o que pueda da\u00f1ar, inutilizar, sobrecargar, deteriorar o afectar de cualquier otro modo los Sitios Web, los Servicios o los Materiales o el uso de cualquiera de \u00e9stos por parte de los Usuarios.<\/li>\n<li>Acceder u obtener Materiales por los procedimientos espec\u00edficamente establecidos en las p\u00e1ginas web que contienen estos Materiales, y, de no haberse establecido un procedimiento, utilizando procedimientos l\u00edcitos y generalmente aceptados en Internet. En caso alguno podr\u00e1 el Usuario acceder u obtener Materiales mediante formas que impliquen la creaci\u00f3n de un riesgo o puedan acarrear da\u00f1os o perjuicios a los Sitios Web, los Servicios, Materiales u otros usuarios o clientes.<\/li>\n<li>No suprimir o alterar de modo que se haga menos visible, la menci\u00f3n o noticia de copyright o propiedad intelectual o cualquier otro dato que identifique a los titulares de los derechos sobre los Materiales, as\u00ed como los dem\u00e1s mecanismos de protecci\u00f3n, identificaci\u00f3n u otros equivalentes, referidos a los Materiales.<\/li>\n<li>No utilizar los Materiales para fines de venta, publicidad, propaganda u otros fines de naturaleza comercial.<\/li>\n<li>No recoger, recopilar, descargar, copiar o proporcionar a terceros directorios de Usuarios ni ninguna informaci\u00f3n acerca de otros Usuarios, incluidas sus direcciones de correo electr\u00f3nico.<\/li>\n<li>No cargar, enviar por email o transmitir por cualquier otra forma ning\u00fan Material ni informaci\u00f3n que contenga virus de software o archivos o programas dise\u00f1ados para interrumpir, destruir o limitar la funcionalidad de cualquier software computacional o hardware o equipo de telecomunicaci\u00f3n asociados con los Sitios Web.<\/li>\n<li>Ser\u00e1 de responsabilidad de los padres o representantes legales de los menores proteger a los menores de edad bajo su cuidado en el uso de los Servicios y Materiales que brinda FHB CHIRIQU\u00cd.<\/li>\n<li>Ser\u00e1 responsable de proporcionar la informaci\u00f3n requerida correctamente, sobre todo la direcci\u00f3n de correo electr\u00f3nico (E-mail), esta informaci\u00f3n es vital e imprescindible, pues es el medio que FHB CHIRIQU\u00cd canaliza para completar el servicio que usted requiere. FHB CHIRIQU\u00cd no se responsabiliza de usted suministrar una direcci\u00f3n err\u00f3nea, o de otra persona, o que no pueda tener acceso la informaci\u00f3n porque olvid\u00f3 su contrase\u00f1a. Una vez enviada la informaci\u00f3n requerida la transacci\u00f3n finaliza y el usuario no tiene derecho a reembolso ni duplicado del servicio. Recomendamos que cuente con una cuenta de correo electr\u00f3nica personal antes de utilizar nuestro servicio.<\/li>\n<\/ul>\n<p>&nbsp;<\/p>\n<p>[\/vc_column_text][\/vc_column][\/vc_row]<\/p>\n","protected":false},"excerpt":{"rendered":"<p>[vc_row][vc_column][vc_column_text] La Pol\u00edtica de Privacidad de FHB CHIRIQU\u00cd aplica al uso de este Sitio, y sus t\u00e9rminos son parte de este T\u00e9rmino de Uso. Adem\u00e1s, al utilizar este Sitio, usted reconoce y acuerda que las transmisiones por Internet nunca son completamente privadas y seguras. Usted entiende que cualquier mensaje o informaci\u00f3n usted env\u00eda al Sitio [&hellip;]<\/p>\n","protected":false},"author":1,"featured_media":0,"parent":0,"menu_order":0,"comment_status":"closed","ping_status":"open","template":"","meta":{"om_disable_all_campaigns":false,"_monsterinsights_skip_tracking":false,"_monsterinsights_sitenote_active":false,"_monsterinsights_sitenote_note":"","_monsterinsights_sitenote_category":0,"footnotes":""},"class_list":["post-3","page","type-page","status-publish","hentry"],"aioseo_notices":[],"_links":{"self":[{"href":"https:\/\/shopfhb.com\/index.php\/wp-json\/wp\/v2\/pages\/3","targetHints":{"allow":["GET"]}}],"collection":[{"href":"https:\/\/shopfhb.com\/index.php\/wp-json\/wp\/v2\/pages"}],"about":[{"href":"https:\/\/shopfhb.com\/index.php\/wp-json\/wp\/v2\/types\/page"}],"author":[{"embeddable":true,"href":"https:\/\/shopfhb.com\/index.php\/wp-json\/wp\/v2\/users\/1"}],"replies":[{"embeddable":true,"href":"https:\/\/shopfhb.com\/index.php\/wp-json\/wp\/v2\/comments?post=3"}],"version-history":[{"count":2,"href":"https:\/\/shopfhb.com\/index.php\/wp-json\/wp\/v2\/pages\/3\/revisions"}],"predecessor-version":[{"id":2638,"href":"https:\/\/shopfhb.com\/index.php\/wp-json\/wp\/v2\/pages\/3\/revisions\/2638"}],"wp:attachment":[{"href":"https:\/\/shopfhb.com\/index.php\/wp-json\/wp\/v2\/media?parent=3"}],"curies":[{"name":"wp","href":"https:\/\/api.w.org\/{rel}","templated":true}]}}